{"id":521,"date":"2022-03-07T15:24:12","date_gmt":"2022-03-07T15:24:12","guid":{"rendered":"https:\/\/economie-energie-solaire.com\/?page_id=521"},"modified":"2024-08-29T10:02:32","modified_gmt":"2024-08-29T10:02:32","slug":"mentions-legales-2","status":"publish","type":"page","link":"https:\/\/economie-energie-solaire.com\/?page_id=521","title":{"rendered":"Mentions l\u00e9gales"},"content":{"rendered":"\t\t<div data-elementor-type=\"wp-page\" data-elementor-id=\"521\" class=\"elementor elementor-521\">\n\t\t\t\t\t\t<section class=\"elementor-section elementor-top-section elementor-element elementor-element-5036404 elementor-section-boxed elementor-section-height-default elementor-section-height-default\" data-id=\"5036404\" data-element_type=\"section\">\n\t\t\t\t\t\t<div class=\"elementor-container elementor-column-gap-default\">\n\t\t\t\t\t<div class=\"elementor-column elementor-col-100 elementor-top-column elementor-element elementor-element-7b90c01\" data-id=\"7b90c01\" data-element_type=\"column\">\n\t\t\t<div class=\"elementor-widget-wrap elementor-element-populated\">\n\t\t\t\t\t\t<div class=\"elementor-element elementor-element-544d6af elementor-widget elementor-widget-text-editor\" data-id=\"544d6af\" data-element_type=\"widget\" data-widget_type=\"text-editor.default\">\n\t\t\t\t<div class=\"elementor-widget-container\">\n\t\t\t<style>\/*! elementor - v3.23.0 - 05-08-2024 *\/\n.elementor-widget-text-editor.elementor-drop-cap-view-stacked .elementor-drop-cap{background-color:#69727d;color:#fff}.elementor-widget-text-editor.elementor-drop-cap-view-framed .elementor-drop-cap{color:#69727d;border:3px solid;background-color:transparent}.elementor-widget-text-editor:not(.elementor-drop-cap-view-default) .elementor-drop-cap{margin-top:8px}.elementor-widget-text-editor:not(.elementor-drop-cap-view-default) .elementor-drop-cap-letter{width:1em;height:1em}.elementor-widget-text-editor .elementor-drop-cap{float:left;text-align:center;line-height:1;font-size:50px}.elementor-widget-text-editor .elementor-drop-cap-letter{display:inline-block}<\/style>\t\t\t\t<header><h1><b>Mentions l\u00e9gales \/ CGU<\/b><\/h1><p><b>MENTION L\u00c9GALES<\/b><\/p><p><span style=\"font-weight: 400;\">Statut du propri\u00e9taire : Soci\u00e9t\u00e9<\/span><\/p><p><span style=\"font-weight: 400;\">Le Cr\u00e9ateur du site est : contact@economie-energie-solaire.com<\/span><\/p><p><span style=\"font-weight: 400;\">Contactez le responsable de la publication : contact@economie-energie-solaire.com<\/span><\/p><p><span style=\"font-weight: 400;\">Le responsable de la publication est une personne morale.<\/span><\/p><p><span style=\"font-weight: 400;\">H\u00e9bergeur<\/span><\/p><p><span style=\"font-weight: 400;\">Le Site est h\u00e9berg\u00e9 par la soci\u00e9t\u00e9 <\/span><b>IONOS <\/b><span style=\"font-weight: 400;\">\u00a0:<\/span><\/p><p><b>IONOS\u00a0<\/b><\/p><p><b>7, place de la Gare, BP 70109,\u00a0<\/b><\/p><p><b>57200 Sarreguemines Cedex<\/b><\/p><p><b>Responsabilit\u00e9<\/b><\/p><p><span style=\"font-weight: 400;\">economie-energie-solaire.com peut modifier la pr\u00e9sente charte \u00e0 tout moment. Ces modifications prendront effet d\u00e8s leur publication sur le site. Nous vous invitons, par cons\u00e9quent, \u00e0 consulter le pr\u00e9sent document fr\u00e9quemment.<\/span><\/p><p><span style=\"font-weight: 400;\">L\u2019acc\u00e8s \u00e0 ce site internet, ainsi que l\u2019utilisation de son contenu, s\u2019effectuent dans le cadre des conditions d\u2019utilisation d\u00e9crites ci-apr\u00e8s. Le fait, pour tout internaute, d\u2019acc\u00e9der et de naviguer sur le site internet constitue de sa part une acceptation pleine et enti\u00e8re de ces conditions d\u2019utilisation.<\/span><\/p><p><span style=\"font-weight: 400;\">Le site internet est soumis \u00e0 la r\u00e9glementation fran\u00e7aise. Tout litige aff\u00e9rant \u00e0 l\u2019usage du site internet, et notamment aux pr\u00e9sentes conditions g\u00e9n\u00e9rales d\u2019utilisation, est soumis, sauf disposition l\u00e9gale ou r\u00e9glementaire contraire, \u00e0 la comp\u00e9tence des tribunaux de Paris.<\/span><\/p><p><span style=\"font-weight: 400;\">economie-energie-solaire.com s\u2019efforce d\u2019assurer la fiabilit\u00e9 et la mise \u00e0 jour des informations diffus\u00e9es sur le site internet, dont elle se r\u00e9serve le droit de corriger, \u00e0 tout moment et sans pr\u00e9avis, le contenu. Toutefois, economie-energie-solaire.com ne peut garantir l\u2019exactitude, la pr\u00e9cision ou l\u2019exhaustivit\u00e9 de ces informations. economie-energie-solaire.com d\u00e9cline toute responsabilit\u00e9 pour toute impr\u00e9cision, inexactitude ou omission ainsi que pour tous dommages r\u00e9sultant d\u2019une introduction frauduleuse d\u2019un tiers ayant entra\u00een\u00e9 une modification des informations mises \u00e0 disposition sur le site internet. economie-energie-solaire.com n\u2019est en aucun cas responsable d\u2019\u00e9ventuels dommages directs ou indirects ou de quelque perte que ce soit dus \u00e0 la consultation de ces pages ou \u00e0 la consultation de pages accessibles par des liens hypertextes pr\u00e9sents sur le site internet, ou encore \u00e0 l\u2019impossibilit\u00e9 d\u2019acc\u00e9der au site internet.<\/span><\/p><p><span style=\"font-weight: 400;\">De m\u00eame, economie-energie-solaire.com d\u00e9cline toute responsabilit\u00e9 concernant l\u2019acc\u00e8s et le contenu de sites internet tiers sur lesquels elle n\u2019exerce aucun contr\u00f4le, y compris lorsque ces sites internet contiennent des liens hypertexte vers le site internet.<\/span><\/p><p><span style=\"font-weight: 400;\">L\u2019utilisateur s\u2019engage \u00e0 ne pas perturber le bon fonctionnement du site internet par des actes ayant pour effet de nuire au site internet, \u00e0 l\u2019\u00e9diteur ou aux autres utilisateurs.<\/span><\/p><p><b>Propri\u00e9t\u00e9 intellectuelle<\/b><\/p><p><span style=\"font-weight: 400;\">La structure g\u00e9n\u00e9rale ainsi que tous les \u00e9l\u00e9ments dont les textes, images, photographies, illustrations, sons, musiques, savoir-faire, noms de produits, noms de marques, logos mis en ligne sur ce site internet sont, sauf mentions particuli\u00e8res, la propri\u00e9t\u00e9 exclusive de economie-energie-solaire.com, ou le cas \u00e9ch\u00e9ant, on fait l\u2019objet d\u2019une licence ou d\u2019une autorisation expresse de la part de leur propri\u00e9taire aux fins de leur repr\u00e9sentation sur ce site internet.<\/span><\/p><p><span style=\"font-weight: 400;\">Toute reproduction et\/ou repr\u00e9sentation totale ou partielle du site internet par quelque proc\u00e9d\u00e9 que ce soit, sans l\u2019autorisation expresse, \u00e9crite et pr\u00e9alable de son propri\u00e9taire, est interdite, sauf aux fins exclusives d\u2019usage personnel et priv\u00e9 telles que reconnues par la loi. Il en est de m\u00eame des bases de donn\u00e9es figurant sur le site internet et dont economie-energie-solaire.com est productrice, qui sont prot\u00e9g\u00e9es par le Code de la propri\u00e9t\u00e9 intellectuelle.<\/span><\/p><p><span style=\"font-weight: 400;\">La cr\u00e9ation de liens hypertextes vers le site internet ne peut \u00eatre faite qu\u2019avec l\u2019autorisation \u00e9crite et pr\u00e9alable de economie-energie-solaire.com, cette autorisation pouvant \u00eatre r\u00e9voqu\u00e9e \u00e0 tout moment.<\/span><\/p><p><span style=\"font-weight: 400;\">\u00a0<\/span><\/p><p><span style=\"font-weight: 400;\">\u00a0<\/span><\/p><p><span style=\"font-weight: 400;\">\u00a0<\/span><\/p><p><span style=\"font-weight: 400;\">\u00a9 2022 AutoConso-Energie<\/span><\/p><\/header>\t\t\t\t\t\t<\/div>\n\t\t\t\t<\/div>\n\t\t\t\t\t<\/div>\n\t\t<\/div>\n\t\t\t\t\t<\/div>\n\t\t<\/section>\n\t\t\t\t<\/div>\n\t\t","protected":false},"excerpt":{"rendered":"<p>Mentions l\u00e9gales \/ CGU MENTION L\u00c9GALES Statut du propri\u00e9taire : Soci\u00e9t\u00e9 Le Cr\u00e9ateur du site est : contact@economie-energie-solaire.com Contactez le responsable de la publication : contact@economie-energie-solaire.com Le responsable de la publication est une personne morale. H\u00e9bergeur Le Site est h\u00e9berg\u00e9 par la soci\u00e9t\u00e9 IONOS \u00a0: IONOS\u00a0 7, place de la Gare, BP 70109,\u00a0 57200 Sarreguemines [&hellip;]<\/p>\n","protected":false},"author":3,"featured_media":0,"parent":0,"menu_order":0,"comment_status":"closed","ping_status":"closed","template":"","meta":{"footnotes":""},"class_list":["post-521","page","type-page","status-publish","hentry"],"yoast_head":"<!-- This site is optimized with the Yoast SEO Premium plugin v19.5 (Yoast SEO v23.2) - https:\/\/yoast.com\/wordpress\/plugins\/seo\/ -->\n<title>Mentions l\u00e9gales - Panneaux solaires photovolta\u00efques - AutoConso Energie<\/title>\n<meta name=\"robots\" content=\"index, follow, max-snippet:-1, max-image-preview:large, max-video-preview:-1\" \/>\n<link rel=\"canonical\" href=\"https:\/\/economie-energie-solaire.com\/?page_id=521\" \/>\n<meta property=\"og:locale\" content=\"fr_FR\" \/>\n<meta property=\"og:type\" content=\"article\" \/>\n<meta property=\"og:title\" content=\"Mentions l\u00e9gales\" \/>\n<meta property=\"og:description\" content=\"Mentions l\u00e9gales \/ CGU MENTION L\u00c9GALES Statut du propri\u00e9taire : Soci\u00e9t\u00e9 Le Cr\u00e9ateur du site est : contact@economie-energie-solaire.com Contactez le responsable de la publication : contact@economie-energie-solaire.com Le responsable de la publication est une personne morale. H\u00e9bergeur Le Site est h\u00e9berg\u00e9 par la soci\u00e9t\u00e9 IONOS \u00a0: IONOS\u00a0 7, place de la Gare, BP 70109,\u00a0 57200 Sarreguemines [&hellip;]\" \/>\n<meta property=\"og:url\" content=\"https:\/\/economie-energie-solaire.com\/?page_id=521\" \/>\n<meta property=\"og:site_name\" content=\"Panneaux solaires photovolta\u00efques - AutoConso Energie\" \/>\n<meta property=\"article:modified_time\" content=\"2024-08-29T10:02:32+00:00\" \/>\n<meta name=\"twitter:card\" content=\"summary_large_image\" \/>\n<meta name=\"twitter:label1\" content=\"Dur\u00e9e de lecture estim\u00e9e\" \/>\n\t<meta name=\"twitter:data1\" content=\"3 minutes\" \/>\n<script type=\"application\/ld+json\" class=\"yoast-schema-graph\">{\"@context\":\"https:\/\/schema.org\",\"@graph\":[{\"@type\":\"WebPage\",\"@id\":\"https:\/\/economie-energie-solaire.com\/?page_id=521\",\"url\":\"https:\/\/economie-energie-solaire.com\/?page_id=521\",\"name\":\"Mentions l\u00e9gales - Panneaux solaires photovolta\u00efques - AutoConso Energie\",\"isPartOf\":{\"@id\":\"https:\/\/economie-energie-solaire.com\/#website\"},\"datePublished\":\"2022-03-07T15:24:12+00:00\",\"dateModified\":\"2024-08-29T10:02:32+00:00\",\"breadcrumb\":{\"@id\":\"https:\/\/economie-energie-solaire.com\/?page_id=521#breadcrumb\"},\"inLanguage\":\"fr-FR\",\"potentialAction\":[{\"@type\":\"ReadAction\",\"target\":[\"https:\/\/economie-energie-solaire.com\/?page_id=521\"]}]},{\"@type\":\"BreadcrumbList\",\"@id\":\"https:\/\/economie-energie-solaire.com\/?page_id=521#breadcrumb\",\"itemListElement\":[{\"@type\":\"ListItem\",\"position\":1,\"name\":\"Home\",\"item\":\"https:\/\/economie-energie-solaire.com\/\"},{\"@type\":\"ListItem\",\"position\":2,\"name\":\"Mentions l\u00e9gales\"}]},{\"@type\":\"WebSite\",\"@id\":\"https:\/\/economie-energie-solaire.com\/#website\",\"url\":\"https:\/\/economie-energie-solaire.com\/\",\"name\":\"Panneaux solaires photovolta\u00efques - AutoConso Energie\",\"description\":\"Installation panneaux solaires : prix, pose et avis\",\"publisher\":{\"@id\":\"https:\/\/economie-energie-solaire.com\/#organization\"},\"potentialAction\":[{\"@type\":\"SearchAction\",\"target\":{\"@type\":\"EntryPoint\",\"urlTemplate\":\"https:\/\/economie-energie-solaire.com\/?s={search_term_string}\"},\"query-input\":\"required name=search_term_string\"}],\"inLanguage\":\"fr-FR\"},{\"@type\":\"Organization\",\"@id\":\"https:\/\/economie-energie-solaire.com\/#organization\",\"name\":\"Panneaux solaires photovolta\u00efques - AutoConso Energie\",\"url\":\"https:\/\/economie-energie-solaire.com\/\",\"logo\":{\"@type\":\"ImageObject\",\"inLanguage\":\"fr-FR\",\"@id\":\"https:\/\/economie-energie-solaire.com\/#\/schema\/logo\/image\/\",\"url\":\"https:\/\/economie-energie-solaire.com\/wp-content\/uploads\/2022\/02\/logo-1.png\",\"contentUrl\":\"https:\/\/economie-energie-solaire.com\/wp-content\/uploads\/2022\/02\/logo-1.png\",\"width\":296,\"height\":48,\"caption\":\"Panneaux solaires photovolta\u00efques  - AutoConso Energie\"},\"image\":{\"@id\":\"https:\/\/economie-energie-solaire.com\/#\/schema\/logo\/image\/\"}}]}<\/script>\n<!-- \/ Yoast SEO Premium plugin. -->","yoast_head_json":{"title":"Mentions l\u00e9gales - Panneaux solaires photovolta\u00efques - AutoConso Energie","robots":{"index":"index","follow":"follow","max-snippet":"max-snippet:-1","max-image-preview":"max-image-preview:large","max-video-preview":"max-video-preview:-1"},"canonical":"https:\/\/economie-energie-solaire.com\/?page_id=521","og_locale":"fr_FR","og_type":"article","og_title":"Mentions l\u00e9gales","og_description":"Mentions l\u00e9gales \/ CGU MENTION L\u00c9GALES Statut du propri\u00e9taire : Soci\u00e9t\u00e9 Le Cr\u00e9ateur du site est : contact@economie-energie-solaire.com Contactez le responsable de la publication : contact@economie-energie-solaire.com Le responsable de la publication est une personne morale. H\u00e9bergeur Le Site est h\u00e9berg\u00e9 par la soci\u00e9t\u00e9 IONOS \u00a0: IONOS\u00a0 7, place de la Gare, BP 70109,\u00a0 57200 Sarreguemines [&hellip;]","og_url":"https:\/\/economie-energie-solaire.com\/?page_id=521","og_site_name":"Panneaux solaires photovolta\u00efques - AutoConso Energie","article_modified_time":"2024-08-29T10:02:32+00:00","twitter_card":"summary_large_image","twitter_misc":{"Dur\u00e9e de lecture estim\u00e9e":"3 minutes"},"schema":{"@context":"https:\/\/schema.org","@graph":[{"@type":"WebPage","@id":"https:\/\/economie-energie-solaire.com\/?page_id=521","url":"https:\/\/economie-energie-solaire.com\/?page_id=521","name":"Mentions l\u00e9gales - Panneaux solaires photovolta\u00efques - AutoConso Energie","isPartOf":{"@id":"https:\/\/economie-energie-solaire.com\/#website"},"datePublished":"2022-03-07T15:24:12+00:00","dateModified":"2024-08-29T10:02:32+00:00","breadcrumb":{"@id":"https:\/\/economie-energie-solaire.com\/?page_id=521#breadcrumb"},"inLanguage":"fr-FR","potentialAction":[{"@type":"ReadAction","target":["https:\/\/economie-energie-solaire.com\/?page_id=521"]}]},{"@type":"BreadcrumbList","@id":"https:\/\/economie-energie-solaire.com\/?page_id=521#breadcrumb","itemListElement":[{"@type":"ListItem","position":1,"name":"Home","item":"https:\/\/economie-energie-solaire.com\/"},{"@type":"ListItem","position":2,"name":"Mentions l\u00e9gales"}]},{"@type":"WebSite","@id":"https:\/\/economie-energie-solaire.com\/#website","url":"https:\/\/economie-energie-solaire.com\/","name":"Panneaux solaires photovolta\u00efques - AutoConso Energie","description":"Installation panneaux solaires : prix, pose et avis","publisher":{"@id":"https:\/\/economie-energie-solaire.com\/#organization"},"potentialAction":[{"@type":"SearchAction","target":{"@type":"EntryPoint","urlTemplate":"https:\/\/economie-energie-solaire.com\/?s={search_term_string}"},"query-input":"required name=search_term_string"}],"inLanguage":"fr-FR"},{"@type":"Organization","@id":"https:\/\/economie-energie-solaire.com\/#organization","name":"Panneaux solaires photovolta\u00efques - AutoConso Energie","url":"https:\/\/economie-energie-solaire.com\/","logo":{"@type":"ImageObject","inLanguage":"fr-FR","@id":"https:\/\/economie-energie-solaire.com\/#\/schema\/logo\/image\/","url":"https:\/\/economie-energie-solaire.com\/wp-content\/uploads\/2022\/02\/logo-1.png","contentUrl":"https:\/\/economie-energie-solaire.com\/wp-content\/uploads\/2022\/02\/logo-1.png","width":296,"height":48,"caption":"Panneaux solaires photovolta\u00efques  - AutoConso Energie"},"image":{"@id":"https:\/\/economie-energie-solaire.com\/#\/schema\/logo\/image\/"}}]}},"_links":{"self":[{"href":"https:\/\/economie-energie-solaire.com\/index.php?rest_route=\/wp\/v2\/pages\/521"}],"collection":[{"href":"https:\/\/economie-energie-solaire.com\/index.php?rest_route=\/wp\/v2\/pages"}],"about":[{"href":"https:\/\/economie-energie-solaire.com\/index.php?rest_route=\/wp\/v2\/types\/page"}],"author":[{"embeddable":true,"href":"https:\/\/economie-energie-solaire.com\/index.php?rest_route=\/wp\/v2\/users\/3"}],"replies":[{"embeddable":true,"href":"https:\/\/economie-energie-solaire.com\/index.php?rest_route=%2Fwp%2Fv2%2Fcomments&post=521"}],"version-history":[{"count":10,"href":"https:\/\/economie-energie-solaire.com\/index.php?rest_route=\/wp\/v2\/pages\/521\/revisions"}],"predecessor-version":[{"id":784,"href":"https:\/\/economie-energie-solaire.com\/index.php?rest_route=\/wp\/v2\/pages\/521\/revisions\/784"}],"wp:attachment":[{"href":"https:\/\/economie-energie-solaire.com\/index.php?rest_route=%2Fwp%2Fv2%2Fmedia&parent=521"}],"curies":[{"name":"wp","href":"https:\/\/api.w.org\/{rel}","templated":true}]}}